{"id":173,"date":"2025-05-19T16:29:38","date_gmt":"2025-05-19T14:29:38","guid":{"rendered":"http:\/\/escuelapp.es\/?page_id=173"},"modified":"2025-06-17T18:02:25","modified_gmt":"2025-06-17T16:02:25","slug":"software","status":"publish","type":"page","link":"https:\/\/escuelapp.es\/","title":{"rendered":"Software"},"content":{"rendered":"<div class=\"wpb-content-wrapper\"><p>[vc_row full_height=\u00bbyes\u00bb css=\u00bb.vc_custom_1747129413458{margin-top: 0px !important;}\u00bb][vc_column width=\u00bb1\/2&#8243;][vc_custom_heading text=\u00bbSoftware de gesti\u00f3n para academias\u00bb font_container=\u00bbtag:h1|text_align:left|color:%23909091&#8243; google_fonts=\u00bbfont_family:Roboto%3A100%2C100italic%2C300%2C300italic%2Cregular%2Citalic%2C500%2C500italic%2C700%2C700italic%2C900%2C900italic|font_style:900%20bold%20regular%3A900%3Anormal\u00bb css=\u00bb.vc_custom_1750064643977{margin-top: 0px !important;margin-bottom: 0px !important;padding-top: 0px !important;padding-bottom: 0px !important;}\u00bb][vc_custom_heading text=\u00bbSimplifica todos los procesos y agiliza la comunicaci\u00f3n con las familias\u00bb font_container=\u00bbtag:h2|font_size:28px|text_align:left|color:%2329D37E|line_height:1&#8243; google_fonts=\u00bbfont_family:Roboto%3A100%2C100italic%2C300%2C300italic%2Cregular%2Citalic%2C500%2C500italic%2C700%2C700italic%2C900%2C900italic|font_style:900%20bold%20regular%3A900%3Anormal\u00bb css=\u00bb.vc_custom_1750156152966{margin-top: 0px !important;margin-bottom: 20px !important;padding-top: 0px !important;padding-bottom: 0px !important;}\u00bb el_id=\u00bb#lol\u00bb][vc_custom_heading text=\u00bbSimplifica todos los procesos y agiliza la comunicaci\u00f3n con las familias\u00bb font_container=\u00bbtag:h3|font_size:36px|text_align:left|color:%2329D37E|line_height:1&#8243; google_fonts=\u00bbfont_family:Roboto%3A100%2C100italic%2C300%2C300italic%2Cregular%2Citalic%2C500%2C500italic%2C700%2C700italic%2C900%2C900italic|font_style:900%20bold%20regular%3A900%3Anormal\u00bb css=\u00bb.vc_custom_1750068262607{margin-top: 0px !important;margin-bottom: 20px !important;padding-top: 0px !important;padding-bottom: 0px !important;}\u00bb][vc_custom_heading text=\u00bbConsigue m\u00e1s inscripciones, recibe pagos directamente en tu cuenta y crea bases de datos<br \/>\nrealmente \u00fatiles con nuestro software.\u00bb font_container=\u00bbtag:h3|font_size:36px|text_align:left|color:%2329D37E|line_height:1&#8243; google_fonts=\u00bbfont_family:Roboto%3A100%2C100italic%2C300%2C300italic%2Cregular%2Citalic%2C500%2C500italic%2C700%2C700italic%2C900%2C900italic|font_style:900%20bold%20regular%3A900%3Anormal\u00bb css=\u00bb.vc_custom_1750068265411{margin-top: 0px !important;margin-bottom: 20px !important;padding-top: 0px !important;padding-bottom: 0px !important;}\u00bb][vc_custom_heading text=\u00bbGestiona todo desde nuestra app m\u00f3vil y registra los ingresos y las salidas con las pulseras o<br \/>\nllaveros de identificaci\u00f3n QR.\u00bb font_container=\u00bbtag:h3|font_size:36px|text_align:left|color:%2329D37E|line_height:1&#8243; google_fonts=\u00bbfont_family:Roboto%3A100%2C100italic%2C300%2C300italic%2Cregular%2Citalic%2C500%2C500italic%2C700%2C700italic%2C900%2C900italic|font_style:900%20bold%20regular%3A900%3Anormal\u00bb css=\u00bb.vc_custom_1750068267973{margin-top: 0px !important;margin-bottom: 20px !important;padding-top: 0px !important;padding-bottom: 0px !important;}\u00bb][vc_row_inner][vc_column_inner][vc_btn title=\u00bbSolicita una demo\u00bb color=\u00bbgreen\u00bb size=\u00bblg\u00bb align=\u00bbleft\u00bb i_icon_fontawesome=\u00bbfab fa-whatsapp\u00bb css=\u00bb\u00bb add_icon=\u00bbtrue\u00bb el_id=\u00bbwhatsapp\u00bb link=\u00bburl:https%3A%2F%2Fapi.whatsapp.com%2Fsend%3Fphone%3D34604210175%26text%3DHola%2C%2520%C2%BFpodemos%2520ver%2520CampApp%3F|target:_blank\u00bb][\/vc_column_inner][\/vc_row_inner][\/vc_column][vc_column width=\u00bb1\/2&#8243;][vc_single_image][\/vc_column][\/vc_row][vc_row full_width=\u00bbstretch_row_content\u00bb css=\u00bb.vc_custom_1747127971909{background-color: #F5F5F5 !important;}\u00bb][vc_column][vc_custom_heading text=\u00bb\u00a1Pasa todos tus datos a CampApp en menos de 1 minuto y empieza a recibir inscripciones ya!\u00bb font_container=\u00bbtag:h2|text_align:center|color:%2304603A\u00bb google_fonts=\u00bbfont_family:Roboto%3A100%2C100italic%2C300%2C300italic%2Cregular%2Citalic%2C500%2C500italic%2C700%2C700italic%2C900%2C900italic|font_style:900%20bold%20regular%3A900%3Anormal\u00bb css=\u00bb.vc_custom_1747128051545{padding-top: 0px !important;padding-bottom: 30px !important;background-color: #F5F5F500 !important;}\u00bb el_id=\u00bbmax-width\u00bb][\/vc_column][\/vc_row][vc_row equal_height=\u00bbyes\u00bb][vc_column width=\u00bb1\/3&#8243;][vc_icon align=\u00bbcenter\u00bb css=\u00bb\u00bb][vc_custom_heading text=\u00bbSOFTWARE DE GESTI\u00d3N DE LUDOTECAS\u00bb css=\u00bb\u00bb][vc_column_text css=\u00bb\u00bb]Crea formularios y recibe inscripciones y pagos directamente en tu cuenta[\/vc_column_text][vc_btn css=\u00bb\u00bb][\/vc_column][vc_column width=\u00bb1\/3&#8243;][vc_icon align=\u00bbcenter\u00bb css=\u00bb\u00bb][vc_custom_heading text=\u00bbAPP M\u00d3VIL PARA PROFESORES Y FAMILIAS\u00bb css=\u00bb\u00bb][vc_column_text css=\u00bb\u00bb]Comparte las fotos en una red social, comun\u00edcate por un chat privado y pasa lista[\/vc_column_text][vc_btn][\/vc_column][vc_column width=\u00bb1\/3&#8243;][vc_icon align=\u00bbcenter\u00bb css=\u00bb\u00bb][vc_custom_heading text=\u00bbPULSERAS Y LLAVEROS QR DE IDENTIFICACI\u00d3N\u00bb css=\u00bb\u00bb][vc_column_text css=\u00bb\u00bb]<span dir=\"ltr\" role=\"presentation\">Controla los accesos y las salidas escaneando los c\u00f3digos QR de los <\/span><br role=\"presentation\" \/><span dir=\"ltr\" role=\"presentation\">participantes<\/span>[\/vc_column_text][vc_btn css=\u00bb\u00bb][\/vc_column][vc_column][vc_column_text css=\u00bb\u00bb]<\/p>\n<h1 class=\"textLayer\" style=\"text-align: left;\"><span dir=\"ltr\" role=\"presentation\">C\u00d3MO FUNCIONA<\/span><\/h1>\n<div class=\"textLayer\" style=\"text-align: left;\"><br role=\"presentation\" \/><span dir=\"ltr\" role=\"presentation\">Crea tus formularios y comp\u00e1rtelos en tu web y redes sociales a trav\u00e9s de un enlace o un c\u00f3digo QR <\/span><br role=\"presentation\" \/><span dir=\"ltr\" role=\"presentation\">para empezar a recibir inscripciones y pagos.<\/span><\/div>\n<div class=\"textLayer\" style=\"text-align: left;\"><span dir=\"ltr\" role=\"presentation\">Una vez que los usuarios se registren, podr\u00e1s empezar a gestionar tu base de datos.<\/span><\/div>\n<div class=\"textLayer\" style=\"text-align: left;\"><br role=\"presentation\" \/><span dir=\"ltr\" role=\"presentation\">De manera opcional, podr\u00e1s contratar la app m\u00f3vil para profesores y familias con las que tendr\u00e1s <\/span><br role=\"presentation\" \/><span dir=\"ltr\" role=\"presentation\">una red social privada por turno, un m\u00f3dulo de comunicaci\u00f3n con chats creados para monitores y <\/span><br role=\"presentation\" \/><span dir=\"ltr\" role=\"presentation\">familias y con la que, ademas, pasar lista ser\u00e1 tan f\u00e1cil como pulsar en cada ni\u00f1o.<\/span><br role=\"presentation\" \/><span dir=\"ltr\" role=\"presentation\">Tambi\u00e9n de manera opcional, podr\u00e1s disponer de nuestras pulseras o llaveros de identi<\/span><span dir=\"ltr\" role=\"presentation\">fi<\/span><span dir=\"ltr\" role=\"presentation\">caci\u00f3n QR, <\/span><br role=\"presentation\" \/><span dir=\"ltr\" role=\"presentation\">con los que te ser\u00e1 s\u00faper sencillo realizar el check-in y el check-out, registrar las horas y poder <\/span><br role=\"presentation\" \/><span dir=\"ltr\" role=\"presentation\">descargar esos listados para, posteriormente, saber cu\u00e1nto tiempo ha estado un ni\u00f1o en vuestras <\/span><br role=\"presentation\" \/><span dir=\"ltr\" role=\"presentation\">instalaciones.<\/span><\/div>\n<p>[\/vc_column_text][vc_btn css=\u00bb\u00bb][\/vc_column][vc_column][\/vc_column][\/vc_row][vc_row css=\u00bb.vc_custom_1750155652823{margin-top: 10px !important;margin-bottom: 50px !important;}\u00bb][vc_column]\n<div class=\"wpcf7 no-js\" id=\"wpcf7-f41-o1\" lang=\"es-ES\" dir=\"ltr\" data-wpcf7-id=\"41\">\n<div class=\"screen-reader-response\"><p role=\"status\" aria-live=\"polite\" aria-atomic=\"true\"><\/p> <ul><\/ul><\/div>\n<form action=\"\/index.php\/wp-json\/wp\/v2\/pages\/173#wpcf7-f41-o1\" method=\"post\" class=\"wpcf7-form init\" aria-label=\"Formulario de contacto\" novalidate=\"novalidate\" data-status=\"init\">\n<div style=\"display: none;\">\n<input type=\"hidden\" name=\"_wpcf7\" value=\"41\" \/>\n<input type=\"hidden\" name=\"_wpcf7_version\" value=\"6.0.6\" \/>\n<input type=\"hidden\" name=\"_wpcf7_locale\" value=\"es_ES\" \/>\n<input type=\"hidden\" name=\"_wpcf7_unit_tag\" value=\"wpcf7-f41-o1\" \/>\n<input type=\"hidden\" name=\"_wpcf7_container_post\" value=\"0\" \/>\n<input type=\"hidden\" name=\"_wpcf7_posted_data_hash\" value=\"\" \/>\n<\/div>\n<h2>Solicitar una demo\n<\/h2>\n<p><label> Tu nombre<br \/>\n<span class=\"wpcf7-form-control-wrap\" data-name=\"your-name\"><input size=\"40\" maxlength=\"400\" class=\"wpcf7-form-control wpcf7-text wpcf7-validates-as-required\" autocomplete=\"name\" aria-required=\"true\" aria-invalid=\"false\" value=\"\" type=\"text\" name=\"your-name\" \/><\/span><br \/>\n<\/label><br \/>\n<label> Tu correo electr\u00f3nico<br \/>\n<span class=\"wpcf7-form-control-wrap\" data-name=\"your-email\"><input size=\"40\" maxlength=\"400\" class=\"wpcf7-form-control wpcf7-email wpcf7-validates-as-required wpcf7-text wpcf7-validates-as-email\" autocomplete=\"email\" aria-required=\"true\" aria-invalid=\"false\" value=\"\" type=\"email\" name=\"your-email\" \/><\/span><br \/>\n<\/label><br \/>\n<label> Tel\u00e9fono<br \/>\n<span class=\"wpcf7-form-control-wrap\" data-name=\"your-phone\"><input size=\"40\" maxlength=\"400\" class=\"wpcf7-form-control wpcf7-text wpcf7-validates-as-required\" autocomplete=\"tel\" aria-required=\"true\" aria-invalid=\"false\" value=\"\" type=\"text\" name=\"your-phone\" \/><\/span><br \/>\n<\/label><br \/>\n<label> Empresa<br \/>\n<span class=\"wpcf7-form-control-wrap\" data-name=\"your-company\"><input size=\"40\" maxlength=\"400\" class=\"wpcf7-form-control wpcf7-text\" aria-invalid=\"false\" value=\"\" type=\"text\" name=\"your-company\" \/><\/span><br \/>\n<\/label><br \/>\n<label><br \/>\nMensaje<br \/>\n<span class=\"wpcf7-form-control-wrap\" data-name=\"textarea-765\"><textarea cols=\"40\" rows=\"10\" maxlength=\"2000\" class=\"wpcf7-form-control wpcf7-textarea\" aria-invalid=\"false\" name=\"textarea-765\"><\/textarea><\/span><br \/>\n<\/label>\n<\/p>\n<div class=\"flex\">\n\t<p><input class=\"wpcf7-form-control wpcf7-submit has-spinner\" type=\"submit\" value=\"Enviar\" \/>\n\t<\/p>\n\t<p class=\"privacy\">Al enviar este formulario, aceptas nuestras <a href=\"#\">Pol\u00edticas de Privacidad<\/a>, los <a href=\"#\">T\u00e9rminos y Condiciones<\/a> y autorizas el tratamiento de tus datos conforme a la normativa vigente.\n\t<\/p>\n<\/div><div class=\"wpcf7-response-output\" aria-hidden=\"true\"><\/div>\n<\/form>\n<\/div>\n[\/vc_column][\/vc_row][vc_row full_width=\u00bbstretch_row_content\u00bb css=\u00bb.vc_custom_1747735877736{padding-bottom: 30px !important;background-color: #0000004A !important;}\u00bb][vc_column][vc_custom_heading text=\u00bb\u00a1EMPIEZA AHORA A RECIBIR INSCRIPCIONES!\u00bb font_container=\u00bbtag:h2|font_size:48px|text_align:center|color:%23FFFFFF\u00bb google_fonts=\u00bbfont_family:Roboto%3A100%2C100italic%2C300%2C300italic%2Cregular%2Citalic%2C500%2C500italic%2C700%2C700italic%2C900%2C900italic|font_style:700%20bold%20regular%3A700%3Anormal\u00bb css=\u00bb\u00bb][vc_btn title=\u00bb\u00bfHablamos?\u00bb size=\u00bblg\u00bb align=\u00bbcenter\u00bb i_icon_fontawesome=\u00bbfab fa-whatsapp\u00bb css=\u00bb.vc_custom_1747735836765{border-bottom-width: 40px !important;}\u00bb add_icon=\u00bbtrue\u00bb el_class=\u00bbwhite\u00bb][\/vc_column][\/vc_row]<\/p>\n<\/div>","protected":false},"excerpt":{"rendered":"<p>[vc_row full_height=\u00bbyes\u00bb css=\u00bb.vc_custom_1747129413458{margin-top: 0px !important;}\u00bb][vc_column width=\u00bb1\/2&#8243;][vc_custom_heading text=\u00bbSoftware de gesti\u00f3n para academias\u00bb font_container=\u00bbtag:h1|text_align:left|color:%23909091&#8243; google_fonts=\u00bbfont_family:Roboto%3A100%2C100italic%2C300%2C300italic%2Cregular%2Citalic%2C500%2C500italic%2C700%2C700italic%2C900%2C900italic|font_style:900%20bold%20regular%3A900%3Anormal\u00bb css=\u00bb.vc_custom_1750064643977{margin-top: 0px !important;margin-bottom: 0px !important;padding-top: 0px !important;padding-bottom: [&hellip;]<\/p>\n","protected":false},"author":1,"featured_media":0,"parent":0,"menu_order":0,"comment_status":"closed","ping_status":"closed","template":"","meta":{"site-sidebar-layout":"no-sidebar","site-content-layout":"plain-container","ast-site-content-layout":"default","site-content-style":"default","site-sidebar-style":"default","ast-global-header-display":"","ast-banner-title-visibility":"","ast-main-header-display":"","ast-hfb-above-header-display":"","ast-hfb-below-header-display":"","ast-hfb-mobile-header-display":"","site-post-title":"disabled","ast-breadcrumbs-content":"","ast-featured-img":"disabled","footer-sml-layout":"","theme-transparent-header-meta":"default","adv-header-id-meta":"","stick-header-meta":"","header-above-stick-meta":"","header-main-stick-meta":"","header-below-stick-meta":"","astra-migrate-meta-layouts":"set","ast-page-background-enabled":"default","ast-page-background-meta":{"desktop":{"background-color":"var(--ast-global-color-5)","background-image":"","background-repeat":"repeat","background-position":"center center","background-size":"auto","background-attachment":"scroll","background-type":"","background-media":"","overlay-type":"","overlay-color":"","overlay-opacity":"","overlay-gradient":""},"tablet":{"background-color":"","background-image":"","background-repeat":"repeat","background-position":"center center","background-size":"auto","background-attachment":"scroll","background-type":"","background-media":"","overlay-type":"","overlay-color":"","overlay-opacity":"","overlay-gradient":""},"mobile":{"background-color":"","background-image":"","background-repeat":"repeat","background-position":"center center","background-size":"auto","background-attachment":"scroll","background-type":"","background-media":"","overlay-type":"","overlay-color":"","overlay-opacity":"","overlay-gradient":""}},"ast-content-background-meta":{"desktop":{"background-color":"var(--ast-global-color-4)","background-image":"","background-repeat":"repeat","background-position":"center center","background-size":"auto","background-attachment":"scroll","background-type":"","background-media":"","overlay-type":"","overlay-color":"","overlay-opacity":"","overlay-gradient":""},"tablet":{"background-color":"var(--ast-global-color-4)","background-image":"","background-repeat":"repeat","background-position":"center center","background-size":"auto","background-attachment":"scroll","background-type":"","background-media":"","overlay-type":"","overlay-color":"","overlay-opacity":"","overlay-gradient":""},"mobile":{"background-color":"var(--ast-global-color-4)","background-image":"","background-repeat":"repeat","background-position":"center center","background-size":"auto","background-attachment":"scroll","background-type":"","background-media":"","overlay-type":"","overlay-color":"","overlay-opacity":"","overlay-gradient":""}},"footnotes":""},"class_list":["post-173","page","type-page","status-publish","hentry"],"_links":{"self":[{"href":"https:\/\/escuelapp.es\/index.php\/wp-json\/wp\/v2\/pages\/173","targetHints":{"allow":["GET"]}}],"collection":[{"href":"https:\/\/escuelapp.es\/index.php\/wp-json\/wp\/v2\/pages"}],"about":[{"href":"https:\/\/escuelapp.es\/index.php\/wp-json\/wp\/v2\/types\/page"}],"author":[{"embeddable":true,"href":"https:\/\/escuelapp.es\/index.php\/wp-json\/wp\/v2\/users\/1"}],"replies":[{"embeddable":true,"href":"https:\/\/escuelapp.es\/index.php\/wp-json\/wp\/v2\/comments?post=173"}],"version-history":[{"count":42,"href":"https:\/\/escuelapp.es\/index.php\/wp-json\/wp\/v2\/pages\/173\/revisions"}],"predecessor-version":[{"id":238,"href":"https:\/\/escuelapp.es\/index.php\/wp-json\/wp\/v2\/pages\/173\/revisions\/238"}],"wp:attachment":[{"href":"https:\/\/escuelapp.es\/index.php\/wp-json\/wp\/v2\/media?parent=173"}],"curies":[{"name":"wp","href":"https:\/\/api.w.org\/{rel}","templated":true}]}}