{"id":46,"date":"2025-05-13T08:55:57","date_gmt":"2025-05-13T06:55:57","guid":{"rendered":"http:\/\/escuelapp.es\/?page_id=46"},"modified":"2025-05-21T10:36:31","modified_gmt":"2025-05-21T08:36:31","slug":"hola","status":"publish","type":"page","link":"https:\/\/escuelapp.es\/index.php\/hola\/","title":{"rendered":"hola"},"content":{"rendered":"<div class=\"wpb-content-wrapper\"><p>[vc_row equal_height=\u00bbyes\u00bb css=\u00bb.vc_custom_1747050850389{margin-top: 40px !important;}\u00bb][vc_column width=\u00bb1\/2&#8243; offset=\u00bbvc_col-xs-12&#8243;][vc_custom_heading text=\u00bbIdentificaci\u00f3n instant\u00e1nea y segura con solo escanear\u00bb font_container=\u00bbtag:h1|font_size:44px|text_align:left\u00bb css=\u00bb\u00bb][vc_single_image source=\u00bbexternal_link\u00bb alignment=\u00bbcenter\u00bb css=\u00bb.vc_custom_1747049856755{margin-bottom: 0px !important;}\u00bb custom_src=\u00bbhttps:\/\/campapp.es\/wp-content\/uploads\/2025\/03\/Smartphone-6-pkecfm99bailg7wfc2wvomrf3pd1cdss8m461stpto.png\u00bb][\/vc_column][vc_column width=\u00bb1\/2&#8243; offset=\u00bbvc_col-xs-12&#8243;]\n<div class=\"wpcf7 no-js\" id=\"wpcf7-f24-o1\" lang=\"es-ES\" dir=\"ltr\" data-wpcf7-id=\"24\">\n<div class=\"screen-reader-response\"><p role=\"status\" aria-live=\"polite\" aria-atomic=\"true\"><\/p> <ul><\/ul><\/div>\n<form action=\"\/index.php\/wp-json\/wp\/v2\/pages\/46#wpcf7-f24-o1\" method=\"post\" class=\"wpcf7-form init\" aria-label=\"Formulario de contacto\" novalidate=\"novalidate\" data-status=\"init\">\n<div style=\"display: none;\">\n<input type=\"hidden\" name=\"_wpcf7\" value=\"24\" \/>\n<input type=\"hidden\" name=\"_wpcf7_version\" value=\"6.0.6\" \/>\n<input type=\"hidden\" name=\"_wpcf7_locale\" value=\"es_ES\" \/>\n<input type=\"hidden\" name=\"_wpcf7_unit_tag\" value=\"wpcf7-f24-o1\" \/>\n<input type=\"hidden\" name=\"_wpcf7_container_post\" value=\"0\" \/>\n<input type=\"hidden\" name=\"_wpcf7_posted_data_hash\" value=\"\" \/>\n<\/div>\n<h2>Solicitar una demo\n<\/h2>\n<div class=\"flex-normal\">\n\t<p><label> Tu nombre<br \/>\n<span class=\"wpcf7-form-control-wrap\" data-name=\"your-name\"><input size=\"40\" maxlength=\"400\" class=\"wpcf7-form-control wpcf7-text wpcf7-validates-as-required\" autocomplete=\"name\" aria-required=\"true\" aria-invalid=\"false\" value=\"\" type=\"text\" name=\"your-name\" \/><\/span><br \/>\n<\/label><br \/>\n<label> Tel\u00e9fono<br \/>\n<span class=\"wpcf7-form-control-wrap\" data-name=\"your-phone\"><input size=\"40\" maxlength=\"400\" class=\"wpcf7-form-control wpcf7-text wpcf7-validates-as-required\" autocomplete=\"tel\" aria-required=\"true\" aria-invalid=\"false\" value=\"\" type=\"text\" name=\"your-phone\" \/><\/span><br \/>\n<\/label>\n\t<\/p>\n<\/div>\n<p><label> Tu correo electr\u00f3nico<br \/>\n<span class=\"wpcf7-form-control-wrap\" data-name=\"your-email\"><input size=\"40\" maxlength=\"400\" class=\"wpcf7-form-control wpcf7-email wpcf7-validates-as-required wpcf7-text wpcf7-validates-as-email\" autocomplete=\"email\" aria-required=\"true\" aria-invalid=\"false\" value=\"\" type=\"email\" name=\"your-email\" \/><\/span><br \/>\n<\/label>\n<\/p>\n<p><label> Empresa<br \/>\n<span class=\"wpcf7-form-control-wrap\" data-name=\"your-company\"><input size=\"40\" maxlength=\"400\" class=\"wpcf7-form-control wpcf7-text\" aria-invalid=\"false\" value=\"\" type=\"text\" name=\"your-company\" \/><\/span><br \/>\n<\/label><br \/>\n<label><br \/>\nMensaje<br \/>\n<span class=\"wpcf7-form-control-wrap\" data-name=\"textarea-765\"><textarea cols=\"40\" rows=\"10\" maxlength=\"2000\" class=\"wpcf7-form-control wpcf7-textarea\" aria-invalid=\"false\" name=\"textarea-765\"><\/textarea><\/span><br \/>\n<\/label>\n<\/p>\n<div class=\"flex\">\n\t<p><input class=\"wpcf7-form-control wpcf7-submit has-spinner\" type=\"submit\" value=\"Enviar\" \/>\n\t<\/p>\n\t<p class=\"privacy\">Al enviar este formulario, aceptas nuestras <a href=\"#\">Pol\u00edticas de Privacidad<\/a>, los <a href=\"#\">T\u00e9rminos y Condiciones<\/a> y autorizas el tratamiento de tus datos conforme a la normativa vigente.\n\t<\/p>\n<\/div><div class=\"wpcf7-response-output\" aria-hidden=\"true\"><\/div>\n<\/form>\n<\/div>\n[\/vc_column][\/vc_row][vc_row full_width=\u00bbstretch_row_content_no_spaces\u00bb css=\u00bb.vc_custom_1747229694533{margin-top: 0px !important;}\u00bb][vc_column][vc_raw_html css=\u00bb\u00bb]JTNDZGl2JTIwY2xhc3MlM0QlMjJyb3clMjIlM0UlMEElM0NzcGFuJTNFQ2FtcEFwcCUzQyUyRnNwYW4lM0UlMEElM0NzcGFuJTNFR2VzdGl2aXR5JTNDJTJGc3BhbiUzRSUwQSUzQ3NwYW4lM0VQdWxzZXJhcyUyMFFSJTNDJTJGc3BhbiUzRSUwQSUzQ3NwYW4lM0VBcHAlMjBNb3ZpbCUzQyUyRnNwYW4lM0UlMEElM0MlMkZkaXYlM0U=[\/vc_raw_html][\/vc_column][\/vc_row][vc_row full_width=\u00bbstretch_row_content\u00bb css=\u00bb.vc_custom_1747229713550{margin-top: 30px !important;background-color: #F8E364 !important;}\u00bb el_class=\u00bbtop\u00bb][vc_column][vc_custom_heading text=\u00bbTan simple como descargar nuestra app, escanear un c\u00f3digo QR y a\u00f1adir los productos\u00bb font_container=\u00bbtag:h2|font_size:42px|text_align:left|color:%23FFFFFF\u00bb google_fonts=\u00bbfont_family:Roboto%3A100%2C100italic%2C300%2C300italic%2Cregular%2Citalic%2C500%2C500italic%2C700%2C700italic%2C900%2C900italic|font_style:700%20bold%20regular%3A700%3Anormal\u00bb css=\u00bb.vc_custom_1747229600547{padding-right: 50px !important;padding-left: 50px !important;}\u00bb el_class=\u00bbmaximun\u00bb][\/vc_column][vc_column][vc_row_inner equal_height=\u00bbyes\u00bb el_class=\u00bblolasd\u00bb css=\u00bb.vc_custom_1747224605710{margin-top: 0px !important;padding-top: 0px !important;}\u00bb][vc_column_inner width=\u00bb1\/5&#8243;][vc_custom_heading text=\u00bbEscanea la pulsera del usuario\u00bb font_container=\u00bbtag:h2|text_align:center\u00bb google_fonts=\u00bbfont_family:Roboto%3A100%2C100italic%2C300%2C300italic%2Cregular%2Citalic%2C500%2C500italic%2C700%2C700italic%2C900%2C900italic|font_style:700%20bold%20regular%3A700%3Anormal\u00bb css=\u00bb.vc_custom_1747229164758{margin-top: 10px !important;}\u00bb el_id=\u00bbhhj\u00bb][vc_raw_html css=\u00bb\u00bb]JTNDZGl2JTIwY2xhc3MlM0QlMjJsb2wlMjIlM0UlMEElM0NpbWclMjBjbGFzcyUzRCUyMnB1c2glMjIlMjBzcmMlM0QlMjJodHRwJTNBJTJGJTJGbG9jYWxob3N0JTJGd29yZHByZXNzJTJGd3AtY29udGVudCUyRnVwbG9hZHMlMkYyMDI1JTJGMDUlMkZ2ZWN0ZWV6eV9zbWFydHBob25lLWFuZC1tb2JpbGUtcGhvbmVfMTEwNDc1MzYtc2NhbGVkLnBuZyUyMiUzRSUwQSUzQ2ltZyUyMGNsYXNzJTNEJTIycGhvbmUlMjIlMjBzcmMlM0QlMjJodHRwJTNBJTJGJTJGbG9jYWxob3N0JTJGd29yZHByZXNzJTJGd3AtY29udGVudCUyRnVwbG9hZHMlMkYyMDI1JTJGMDUlMkZJTUdfNTEyMy5wbmclMjIlM0UlMEElM0MlMkZkaXYlM0U=[\/vc_raw_html][\/vc_column_inner][vc_column_inner width=\u00bb1\/5&#8243;][vc_custom_heading text=\u00bbSelecciona los productos\u00bb font_container=\u00bbtag:h2|text_align:center\u00bb google_fonts=\u00bbfont_family:Roboto%3A100%2C100italic%2C300%2C300italic%2Cregular%2Citalic%2C500%2C500italic%2C700%2C700italic%2C900%2C900italic|font_style:700%20bold%20regular%3A700%3Anormal\u00bb css=\u00bb.vc_custom_1747229145279{margin-top: 10px !important;}\u00bb el_class=\u00bbm-t\u00bb el_id=\u00bbhhj\u00bb][vc_raw_html css=\u00bb\u00bb]JTNDZGl2JTIwY2xhc3MlM0QlMjJsb2wlMjIlM0UlMEElM0NpbWclMjBjbGFzcyUzRCUyMnB1c2glMjIlMjBzcmMlM0QlMjJodHRwJTNBJTJGJTJGbG9jYWxob3N0JTJGd29yZHByZXNzJTJGd3AtY29udGVudCUyRnVwbG9hZHMlMkYyMDI1JTJGMDUlMkZ2ZWN0ZWV6eV9zbWFydHBob25lLWFuZC1tb2JpbGUtcGhvbmVfMTEwNDc1MzYtc2NhbGVkLnBuZyUyMiUzRSUwQSUzQ2ltZyUyMGNsYXNzJTNEJTIycGhvbmUlMjIlMjBzcmMlM0QlMjJodHRwJTNBJTJGJTJGbG9jYWxob3N0JTJGd29yZHByZXNzJTJGd3AtY29udGVudCUyRnVwbG9hZHMlMkYyMDI1JTJGMDUlMkZJTUdfNTEyNC5wbmclMjIlM0UlMEElM0MlMkZkaXYlM0U=[\/vc_raw_html][\/vc_column_inner][vc_column_inner width=\u00bb1\/5&#8243;][vc_custom_heading text=\u00bbHaz clic en el carro de la compra\u00bb font_container=\u00bbtag:h2|text_align:center\u00bb google_fonts=\u00bbfont_family:Roboto%3A100%2C100italic%2C300%2C300italic%2Cregular%2Citalic%2C500%2C500italic%2C700%2C700italic%2C900%2C900italic|font_style:700%20bold%20regular%3A700%3Anormal\u00bb css=\u00bb.vc_custom_1747229133986{margin-top: 10px !important;}\u00bb el_id=\u00bbhhj\u00bb][vc_raw_html css=\u00bb\u00bb]JTNDZGl2JTIwY2xhc3MlM0QlMjJsb2wlMjIlM0UlMEElM0NpbWclMjBjbGFzcyUzRCUyMnB1c2glMjIlMjBzcmMlM0QlMjJodHRwJTNBJTJGJTJGbG9jYWxob3N0JTJGd29yZHByZXNzJTJGd3AtY29udGVudCUyRnVwbG9hZHMlMkYyMDI1JTJGMDUlMkZ2ZWN0ZWV6eV9zbWFydHBob25lLWFuZC1tb2JpbGUtcGhvbmVfMTEwNDc1MzYtc2NhbGVkLnBuZyUyMiUzRSUwQSUzQ2ltZyUyMGNsYXNzJTNEJTIycGhvbmUlMjIlMjBzcmMlM0QlMjJodHRwJTNBJTJGJTJGbG9jYWxob3N0JTJGd29yZHByZXNzJTJGd3AtY29udGVudCUyRnVwbG9hZHMlMkYyMDI1JTJGMDUlMkZJTUdfNTEyNS5wbmclMjIlM0UlMEElM0MlMkZkaXYlM0U=[\/vc_raw_html][\/vc_column_inner][vc_column_inner width=\u00bb1\/5&#8243;][vc_custom_heading text=\u00bbVerifica y confirma la compra\u00bb font_container=\u00bbtag:h2|text_align:center\u00bb google_fonts=\u00bbfont_family:Roboto%3A100%2C100italic%2C300%2C300italic%2Cregular%2Citalic%2C500%2C500italic%2C700%2C700italic%2C900%2C900italic|font_style:700%20bold%20regular%3A700%3Anormal\u00bb css=\u00bb.vc_custom_1747229338816{margin-top: 10px !important;}\u00bb el_id=\u00bbhhj\u00bb][vc_raw_html css=\u00bb\u00bb]JTNDZGl2JTIwY2xhc3MlM0QlMjJsb2wlMjIlM0UlMEElM0NpbWclMjBjbGFzcyUzRCUyMnB1c2glMjIlMjBzcmMlM0QlMjJodHRwJTNBJTJGJTJGbG9jYWxob3N0JTJGd29yZHByZXNzJTJGd3AtY29udGVudCUyRnVwbG9hZHMlMkYyMDI1JTJGMDUlMkZ2ZWN0ZWV6eV9zbWFydHBob25lLWFuZC1tb2JpbGUtcGhvbmVfMTEwNDc1MzYtc2NhbGVkLnBuZyUyMiUzRSUwQSUzQ2ltZyUyMGNsYXNzJTNEJTIycGhvbmUlMjIlMjBzcmMlM0QlMjJodHRwJTNBJTJGJTJGbG9jYWxob3N0JTJGd29yZHByZXNzJTJGd3AtY29udGVudCUyRnVwbG9hZHMlMkYyMDI1JTJGMDUlMkZJTUdfNTEyNi5wbmclMjIlM0UlMEElM0MlMkZkaXYlM0U=[\/vc_raw_html][\/vc_column_inner][vc_column_inner width=\u00bb1\/5&#8243;][vc_custom_heading text=\u00bbLa compra se descontar\u00e1 de su saldo\u00bb font_container=\u00bbtag:h2|text_align:center\u00bb google_fonts=\u00bbfont_family:Roboto%3A100%2C100italic%2C300%2C300italic%2Cregular%2Citalic%2C500%2C500italic%2C700%2C700italic%2C900%2C900italic|font_style:700%20bold%20regular%3A700%3Anormal\u00bb css=\u00bb.vc_custom_1747229347921{margin-top: 10px !important;}\u00bb el_id=\u00bbhhjg\u00bb][vc_raw_html css=\u00bb\u00bb]JTNDZGl2JTIwY2xhc3MlM0QlMjJsb2wlMjIlM0UlMEElM0NpbWclMjBjbGFzcyUzRCUyMnB1c2glMjIlMjBzcmMlM0QlMjJodHRwJTNBJTJGJTJGbG9jYWxob3N0JTJGd29yZHByZXNzJTJGd3AtY29udGVudCUyRnVwbG9hZHMlMkYyMDI1JTJGMDUlMkZ2ZWN0ZWV6eV9zbWFydHBob25lLWFuZC1tb2JpbGUtcGhvbmVfMTEwNDc1MzYtc2NhbGVkLnBuZyUyMiUzRSUwQSUzQ2ltZyUyMGNsYXNzJTNEJTIycGhvbmUlMjIlMjBzcmMlM0QlMjJodHRwJTNBJTJGJTJGbG9jYWxob3N0JTJGd29yZHByZXNzJTJGd3AtY29udGVudCUyRnVwbG9hZHMlMkYyMDI1JTJGMDUlMkZJTUdfNTEyNy5wbmclMjIlM0UlMEElM0MlMkZkaXYlM0U=[\/vc_raw_html][\/vc_column_inner][\/vc_row_inner][\/vc_column][\/vc_row][vc_row][vc_column][vc_custom_heading text=\u00bbPagos seguros y r\u00e1pidos\u00bb font_container=\u00bbtag:h2|font_size:42px|text_align:center\u00bb css=\u00bb\u00bb][\/vc_column][\/vc_row][vc_row css=\u00bb.vc_custom_1747056341455{padding-right: 100px !important;padding-left: 100px !important;}\u00bb][vc_column][vc_column_text css=\u00bb\u00bb]<\/p>\n<p style=\"text-align: center;\">I am text block. Click edit button to change this text. Lorem ipsum dolor sit amet, consectetur adipiscing elit. Ut elit tellus, luctus nec ullamcorper mattis, pulvinar dapibus leo.<\/p>\n<p>[\/vc_column_text][\/vc_column][\/vc_row][vc_row][vc_column][vc_tta_pageable no_fill_content_area=\u00bbtrue\u00bb active_section=\u00bb1&#8243; pagination_color=\u00bbblack\u00bb][vc_tta_section title=\u00bbSecci\u00f3n 1&#8243; tab_id=\u00bb1747055869657-59fcf942-032337c1-4865&#8243;][vc_column_text css=\u00bb\u00bb el_class=\u00bbmax-width\u00bb]<\/p>\n<h3 style=\"text-align: center;\">SEGURIDAD DENTRO Y FUERA DE TUS INSTALACIONES<\/h3>\n<p style=\"text-align: center;\"><img loading=\"lazy\" decoding=\"async\" class=\"wp-image-34 aligncenter\" src=\"http:\/\/escuelapp.es\/wp-content\/uploads\/2025\/05\/pulseras2-225x300.png\" alt=\"\" width=\"99\" height=\"132\" srcset=\"https:\/\/escuelapp.es\/wp-content\/uploads\/2025\/05\/pulseras2-225x300.png 225w, https:\/\/escuelapp.es\/wp-content\/uploads\/2025\/05\/pulseras2.png 265w\" sizes=\"auto, (max-width: 99px) 100vw, 99px\" \/><\/p>\n<p style=\"text-align: center;\">A la agilidad a la hora de encontrar enfermedades, alergias o contactos de emergencia, se suma la funci\u00f3n \u00abni\u00f1os perdidos\u00bb, que permite que cualquier persona que escanee la pulsera obtenga informaci\u00f3n sobre d\u00f3nde llevar a un ni\u00f1o en caso de que se pierda.<\/p>\n<p>[\/vc_column_text][\/vc_tta_section][vc_tta_section title=\u00bbSecci\u00f3n 2&#8243; tab_id=\u00bb1747055869657-2bd60ca7-e6f537c1-4865&#8243;][vc_column_text css=\u00bb\u00bb el_class=\u00bbmax-width\u00bb el_id=\u00bbwha\u00bb]<\/p>\n<div class=\"image\" style=\"text-align: center;\"><span style=\"font-size: 1.5em; font-weight: bold;\">CAMPCASH: COMPRAS SIN EFECTIVO<\/span><\/div>\n<div style=\"text-align: center;\"><\/div>\n<div style=\"text-align: center;\"><\/div>\n<div style=\"text-align: center;\"><img loading=\"lazy\" decoding=\"async\" class=\"wp-image-33 aligncenter\" src=\"http:\/\/escuelapp.es\/wp-content\/uploads\/2025\/05\/pulseras3-300x276.png\" alt=\"\" width=\"146\" height=\"134\" srcset=\"https:\/\/escuelapp.es\/wp-content\/uploads\/2025\/05\/pulseras3-300x276.png 300w, https:\/\/escuelapp.es\/wp-content\/uploads\/2025\/05\/pulseras3.png 343w\" sizes=\"auto, (max-width: 146px) 100vw, 146px\" \/><\/div>\n<div><\/div>\n<p style=\"text-align: center;\">De manera opcional puedes incluir la opci\u00f3n de poder pagar dentro de tus instalaciones con las pulseras QR. Pueden recargarse de forma telem\u00e1tica y usarse para comprar productos en tus tiendas. Los padres pueden recuperar el dinero sobrante al final.<\/p>\n<div style=\"text-align: center;\"><\/div>\n<p>[\/vc_column_text][\/vc_tta_section][vc_tta_section title=\u00bbSecci\u00f3n\u00bb tab_id=\u00bb1747055877432-b62b1256-1c3037c1-4865&#8243;][vc_column_text css=\u00bb.vc_custom_1747056895752{background-position: 0 0 !important;background-repeat: no-repeat !important;}\u00bb el_class=\u00bbmax-width\u00bb]<\/p>\n<h3 style=\"text-align: center;\">IDENTIFICACI\u00d3N DE PARTICIPANTES<\/h3>\n<p style=\"text-align: center;\"><img loading=\"lazy\" decoding=\"async\" class=\"wp-image-35 aligncenter\" src=\"http:\/\/escuelapp.es\/wp-content\/uploads\/2025\/05\/pulseras_1-300x292.png\" alt=\"\" width=\"156\" height=\"152\" srcset=\"https:\/\/escuelapp.es\/wp-content\/uploads\/2025\/05\/pulseras_1-300x292.png 300w, https:\/\/escuelapp.es\/wp-content\/uploads\/2025\/05\/pulseras_1.png 397w\" sizes=\"auto, (max-width: 156px) 100vw, 156px\" \/><\/p>\n<p style=\"text-align: center;\">Cuando un miembro del equipo escanea la pulsera de un usuario, la app mostrar\u00e1 toda la informaci\u00f3n de ese usuario: nombre, fecha de cumplea\u00f1os, enfermedades, intolerancias&#8230; y, por supuesto, tel\u00e9fono de emergencia.<\/p>\n<p>[\/vc_column_text][\/vc_tta_section][\/vc_tta_pageable][\/vc_column][\/vc_row][vc_row][vc_column][\/vc_column][\/vc_row]<\/p>\n<\/div>","protected":false},"excerpt":{"rendered":"<p>[vc_row equal_height=\u00bbyes\u00bb css=\u00bb.vc_custom_1747050850389{margin-top: 40px !important;}\u00bb][vc_column width=\u00bb1\/2&#8243; offset=\u00bbvc_col-xs-12&#8243;][vc_custom_heading text=\u00bbIdentificaci\u00f3n instant\u00e1nea y segura con solo escanear\u00bb font_container=\u00bbtag:h1|font_size:44px|text_align:left\u00bb css=\u00bb\u00bb][vc_single_image source=\u00bbexternal_link\u00bb alignment=\u00bbcenter\u00bb css=\u00bb.vc_custom_1747049856755{margin-bottom: 0px [&hellip;]<\/p>\n","protected":false},"author":1,"featured_media":0,"parent":0,"menu_order":0,"comment_status":"closed","ping_status":"closed","template":"","meta":{"site-sidebar-layout":"no-sidebar","site-content-layout":"plain-container","ast-site-content-layout":"default","site-content-style":"default","site-sidebar-style":"default","ast-global-header-display":"","ast-banner-title-visibility":"","ast-main-header-display":"","ast-hfb-above-header-display":"","ast-hfb-below-header-display":"","ast-hfb-mobile-header-display":"","site-post-title":"disabled","ast-breadcrumbs-content":"","ast-featured-img":"disabled","footer-sml-layout":"","theme-transparent-header-meta":"default","adv-header-id-meta":"","stick-header-meta":"","header-above-stick-meta":"","header-main-stick-meta":"","header-below-stick-meta":"","astra-migrate-meta-layouts":"set","ast-page-background-enabled":"default","ast-page-background-meta":{"desktop":{"background-color":"var(--ast-global-color-5)","background-image":"","background-repeat":"repeat","background-position":"center center","background-size":"auto","background-attachment":"scroll","background-type":"","background-media":"","overlay-type":"","overlay-color":"","overlay-opacity":"","overlay-gradient":""},"tablet":{"background-color":"","background-image":"","background-repeat":"repeat","background-position":"center center","background-size":"auto","background-attachment":"scroll","background-type":"","background-media":"","overlay-type":"","overlay-color":"","overlay-opacity":"","overlay-gradient":""},"mobile":{"background-color":"","background-image":"","background-repeat":"repeat","background-position":"center center","background-size":"auto","background-attachment":"scroll","background-type":"","background-media":"","overlay-type":"","overlay-color":"","overlay-opacity":"","overlay-gradient":""}},"ast-content-background-meta":{"desktop":{"background-color":"var(--ast-global-color-4)","background-image":"","background-repeat":"repeat","background-position":"center center","background-size":"auto","background-attachment":"scroll","background-type":"","background-media":"","overlay-type":"","overlay-color":"","overlay-opacity":"","overlay-gradient":""},"tablet":{"background-color":"var(--ast-global-color-4)","background-image":"","background-repeat":"repeat","background-position":"center center","background-size":"auto","background-attachment":"scroll","background-type":"","background-media":"","overlay-type":"","overlay-color":"","overlay-opacity":"","overlay-gradient":""},"mobile":{"background-color":"var(--ast-global-color-4)","background-image":"","background-repeat":"repeat","background-position":"center center","background-size":"auto","background-attachment":"scroll","background-type":"","background-media":"","overlay-type":"","overlay-color":"","overlay-opacity":"","overlay-gradient":""}},"footnotes":""},"class_list":["post-46","page","type-page","status-publish","hentry"],"_links":{"self":[{"href":"https:\/\/escuelapp.es\/index.php\/wp-json\/wp\/v2\/pages\/46","targetHints":{"allow":["GET"]}}],"collection":[{"href":"https:\/\/escuelapp.es\/index.php\/wp-json\/wp\/v2\/pages"}],"about":[{"href":"https:\/\/escuelapp.es\/index.php\/wp-json\/wp\/v2\/types\/page"}],"author":[{"embeddable":true,"href":"https:\/\/escuelapp.es\/index.php\/wp-json\/wp\/v2\/users\/1"}],"replies":[{"embeddable":true,"href":"https:\/\/escuelapp.es\/index.php\/wp-json\/wp\/v2\/comments?post=46"}],"version-history":[{"count":14,"href":"https:\/\/escuelapp.es\/index.php\/wp-json\/wp\/v2\/pages\/46\/revisions"}],"predecessor-version":[{"id":208,"href":"https:\/\/escuelapp.es\/index.php\/wp-json\/wp\/v2\/pages\/46\/revisions\/208"}],"wp:attachment":[{"href":"https:\/\/escuelapp.es\/index.php\/wp-json\/wp\/v2\/media?parent=46"}],"curies":[{"name":"wp","href":"https:\/\/api.w.org\/{rel}","templated":true}]}}